{"id":1811,"date":"2020-03-29T16:27:45","date_gmt":"2020-03-29T14:27:45","guid":{"rendered":"https:\/\/www.blettecommechou.fr\/?post_type=product&#038;p=1811"},"modified":"2023-02-17T11:26:24","modified_gmt":"2023-02-17T10:26:24","slug":"oeufs-plein-air","status":"publish","type":"product","link":"https:\/\/www.blettecommechou.fr\/index.php\/produit\/oeufs-plein-air\/","title":{"rendered":"Oeufs plein air"},"content":{"rendered":"<div class=\"fusion-fullwidth fullwidth-box fusion-builder-row-1 nonhundred-percent-fullwidth non-hundred-percent-height-scrolling\" style=\"--awb-border-radius-top-left:0px;--awb-border-radius-top-right:0px;--awb-border-radius-bottom-right:0px;--awb-border-radius-bottom-left:0px;--awb-padding-top:10px;--awb-padding-bottom:10px;--awb-flex-wrap:wrap;\" ><div class=\"fusion-builder-row fusion-row\"><div class=\"fusion-layout-column fusion_builder_column fusion-builder-column-0 fusion_builder_column_1_1 1_1 fusion-one-full fusion-column-first fusion-column-last\" style=\"--awb-bg-size:cover;--awb-margin-top:0px;--awb-margin-bottom:30px;\"><div class=\"fusion-column-wrapper fusion-column-has-shadow fusion-flex-column-wrapper-legacy\"><div class=\"fusion-text fusion-text-1\"><p>Nos \u0153ufs fermiers plein air sont issus des poulaillers de Clotilde agriculteur et producteur \u00e0 Iverny. Elev\u00e9s en plein air et nourries aux grains les poules de Clotilde nous r\u00e9galent toute l&rsquo;ann\u00e9e<\/p>\n<p>Vendus par boites de 12 \u0153ufs<\/p>\n<\/div><div class=\"fusion-clearfix\"><\/div><\/div><\/div><\/div><\/div>\n","protected":false},"excerpt":{"rendered":"<p>Nos \u0153ufs fermiers plein air sont issus des poulaillers de Clotilde agriculteur et producteur \u00e0 Iverny. Elev\u00e9s en plein air et nourries aux grains les poules de Clotilde nous r\u00e9galent toute l&rsquo;ann\u00e9e. Vendus par boites de 12 \u0153ufs<\/p>\n<p>[fusion_checklist icon=\"fa-asterisk fas\" iconcolor=\"\" circle=\"\" circlecolor=\"\" size=\"14px\" divider=\"\" divider_color=\"\" hide_on_mobile=\"small-visibility,medium-visibility,large-visibility\" class=\"\" id=\"\"][fusion_li_item icon=\"\"]<span style=\"color: #235600;\"><strong>Origine<\/strong><\/span> &#8211; Poulailler de fermes voisines[\/fusion_li_item][fusion_li_item icon=\"\"]<span style=\"color: #235600;\"><strong>Prix des oeufs<\/strong><\/span>&#8211; 4.3 \u20ac les12<\/p>\n","protected":false},"featured_media":1832,"template":"","meta":[],"product_brand":[],"product_cat":[31],"product_tag":[],"class_list":{"0":"post-1811","1":"product","2":"type-product","3":"status-publish","4":"has-post-thumbnail","6":"product_cat-epicerie","8":"first","9":"instock","10":"featured","11":"taxable","12":"shipping-taxable","13":"purchasable","14":"product-type-simple"},"yoast_head":"<!-- This site is optimized with the Yoast SEO plugin v25.6 - https:\/\/yoast.com\/wordpress\/plugins\/seo\/ -->\n<title>Oeufs plein air - Blette comme Chou<\/title>\n<meta name=\"robots\" content=\"index, follow, max-snippet:-1, max-image-preview:large, max-video-preview:-1\" \/>\n<link rel=\"canonical\" href=\"https:\/\/www.blettecommechou.fr\/index.php\/produit\/oeufs-plein-air\/\" \/>\n<meta property=\"og:locale\" content=\"fr_FR\" \/>\n<meta property=\"og:type\" content=\"article\" \/>\n<meta property=\"og:title\" content=\"Oeufs plein air - Blette comme Chou\" \/>\n<meta property=\"og:description\" content=\"Nos \u0153ufs fermiers plein air sont issus des poulaillers de Clotilde agriculteur et producteur \u00e0 Iverny. Elev\u00e9s en plein air et nourries aux grains les poules de Clotilde nous r\u00e9galent toute l&#039;ann\u00e9e. Vendus par boites de 12 \u0153ufs  Prix des oeufs- 4.3 \u20ac les12\" \/>\n<meta property=\"og:url\" content=\"https:\/\/www.blettecommechou.fr\/index.php\/produit\/oeufs-plein-air\/\" \/>\n<meta property=\"og:site_name\" content=\"Blette comme Chou\" \/>\n<meta property=\"article:modified_time\" content=\"2023-02-17T10:26:24+00:00\" \/>\n<meta property=\"og:image\" content=\"https:\/\/www.blettecommechou.fr\/wp-content\/uploads\/2020\/03\/oeufs-carr\u00e9s.jpg\" \/>\n\t<meta property=\"og:image:width\" content=\"400\" \/>\n\t<meta property=\"og:image:height\" content=\"400\" \/>\n\t<meta property=\"og:image:type\" content=\"image\/jpeg\" \/>\n<meta name=\"twitter:card\" content=\"summary_large_image\" \/>\n<meta name=\"twitter:label1\" content=\"Dur\u00e9e de lecture estim\u00e9e\" \/>\n\t<meta name=\"twitter:data1\" content=\"1 minute\" \/>\n<script type=\"application\/ld+json\" class=\"yoast-schema-graph\">{\"@context\":\"https:\/\/schema.org\",\"@graph\":[{\"@type\":\"WebPage\",\"@id\":\"https:\/\/www.blettecommechou.fr\/index.php\/produit\/oeufs-plein-air\/\",\"url\":\"https:\/\/www.blettecommechou.fr\/index.php\/produit\/oeufs-plein-air\/\",\"name\":\"Oeufs plein air - Blette comme Chou\",\"isPartOf\":{\"@id\":\"https:\/\/www.blettecommechou.fr\/#website\"},\"primaryImageOfPage\":{\"@id\":\"https:\/\/www.blettecommechou.fr\/index.php\/produit\/oeufs-plein-air\/#primaryimage\"},\"image\":{\"@id\":\"https:\/\/www.blettecommechou.fr\/index.php\/produit\/oeufs-plein-air\/#primaryimage\"},\"thumbnailUrl\":\"https:\/\/www.blettecommechou.fr\/wp-content\/uploads\/2020\/03\/oeufs-carr\u00e9s.jpg\",\"datePublished\":\"2020-03-29T14:27:45+00:00\",\"dateModified\":\"2023-02-17T10:26:24+00:00\",\"breadcrumb\":{\"@id\":\"https:\/\/www.blettecommechou.fr\/index.php\/produit\/oeufs-plein-air\/#breadcrumb\"},\"inLanguage\":\"fr-FR\",\"potentialAction\":[{\"@type\":\"ReadAction\",\"target\":[\"https:\/\/www.blettecommechou.fr\/index.php\/produit\/oeufs-plein-air\/\"]}]},{\"@type\":\"ImageObject\",\"inLanguage\":\"fr-FR\",\"@id\":\"https:\/\/www.blettecommechou.fr\/index.php\/produit\/oeufs-plein-air\/#primaryimage\",\"url\":\"https:\/\/www.blettecommechou.fr\/wp-content\/uploads\/2020\/03\/oeufs-carr\u00e9s.jpg\",\"contentUrl\":\"https:\/\/www.blettecommechou.fr\/wp-content\/uploads\/2020\/03\/oeufs-carr\u00e9s.jpg\",\"width\":400,\"height\":400},{\"@type\":\"BreadcrumbList\",\"@id\":\"https:\/\/www.blettecommechou.fr\/index.php\/produit\/oeufs-plein-air\/#breadcrumb\",\"itemListElement\":[{\"@type\":\"ListItem\",\"position\":1,\"name\":\"Accueil\",\"item\":\"https:\/\/www.blettecommechou.fr\/\"},{\"@type\":\"ListItem\",\"position\":2,\"name\":\"Commander\",\"item\":\"https:\/\/www.blettecommechou.fr\/index.php\/commander\/\"},{\"@type\":\"ListItem\",\"position\":3,\"name\":\"Oeufs plein air\"}]},{\"@type\":\"WebSite\",\"@id\":\"https:\/\/www.blettecommechou.fr\/#website\",\"url\":\"https:\/\/www.blettecommechou.fr\/\",\"name\":\"Blette comme Chou\",\"description\":\"Producteurs de l\u00e9gumes Magasin Fermier\",\"potentialAction\":[{\"@type\":\"SearchAction\",\"target\":{\"@type\":\"EntryPoint\",\"urlTemplate\":\"https:\/\/www.blettecommechou.fr\/?s={search_term_string}\"},\"query-input\":{\"@type\":\"PropertyValueSpecification\",\"valueRequired\":true,\"valueName\":\"search_term_string\"}}],\"inLanguage\":\"fr-FR\"}]}<\/script>\n<!-- \/ Yoast SEO plugin. -->","yoast_head_json":{"title":"Oeufs plein air - Blette comme Chou","robots":{"index":"index","follow":"follow","max-snippet":"max-snippet:-1","max-image-preview":"max-image-preview:large","max-video-preview":"max-video-preview:-1"},"canonical":"https:\/\/www.blettecommechou.fr\/index.php\/produit\/oeufs-plein-air\/","og_locale":"fr_FR","og_type":"article","og_title":"Oeufs plein air - Blette comme Chou","og_description":"Nos \u0153ufs fermiers plein air sont issus des poulaillers de Clotilde agriculteur et producteur \u00e0 Iverny. Elev\u00e9s en plein air et nourries aux grains les poules de Clotilde nous r\u00e9galent toute l'ann\u00e9e. Vendus par boites de 12 \u0153ufs  Prix des oeufs- 4.3 \u20ac les12","og_url":"https:\/\/www.blettecommechou.fr\/index.php\/produit\/oeufs-plein-air\/","og_site_name":"Blette comme Chou","article_modified_time":"2023-02-17T10:26:24+00:00","og_image":[{"width":400,"height":400,"url":"https:\/\/www.blettecommechou.fr\/wp-content\/uploads\/2020\/03\/oeufs-carr\u00e9s.jpg","type":"image\/jpeg"}],"twitter_card":"summary_large_image","twitter_misc":{"Dur\u00e9e de lecture estim\u00e9e":"1 minute"},"schema":{"@context":"https:\/\/schema.org","@graph":[{"@type":"WebPage","@id":"https:\/\/www.blettecommechou.fr\/index.php\/produit\/oeufs-plein-air\/","url":"https:\/\/www.blettecommechou.fr\/index.php\/produit\/oeufs-plein-air\/","name":"Oeufs plein air - Blette comme Chou","isPartOf":{"@id":"https:\/\/www.blettecommechou.fr\/#website"},"primaryImageOfPage":{"@id":"https:\/\/www.blettecommechou.fr\/index.php\/produit\/oeufs-plein-air\/#primaryimage"},"image":{"@id":"https:\/\/www.blettecommechou.fr\/index.php\/produit\/oeufs-plein-air\/#primaryimage"},"thumbnailUrl":"https:\/\/www.blettecommechou.fr\/wp-content\/uploads\/2020\/03\/oeufs-carr\u00e9s.jpg","datePublished":"2020-03-29T14:27:45+00:00","dateModified":"2023-02-17T10:26:24+00:00","breadcrumb":{"@id":"https:\/\/www.blettecommechou.fr\/index.php\/produit\/oeufs-plein-air\/#breadcrumb"},"inLanguage":"fr-FR","potentialAction":[{"@type":"ReadAction","target":["https:\/\/www.blettecommechou.fr\/index.php\/produit\/oeufs-plein-air\/"]}]},{"@type":"ImageObject","inLanguage":"fr-FR","@id":"https:\/\/www.blettecommechou.fr\/index.php\/produit\/oeufs-plein-air\/#primaryimage","url":"https:\/\/www.blettecommechou.fr\/wp-content\/uploads\/2020\/03\/oeufs-carr\u00e9s.jpg","contentUrl":"https:\/\/www.blettecommechou.fr\/wp-content\/uploads\/2020\/03\/oeufs-carr\u00e9s.jpg","width":400,"height":400},{"@type":"BreadcrumbList","@id":"https:\/\/www.blettecommechou.fr\/index.php\/produit\/oeufs-plein-air\/#breadcrumb","itemListElement":[{"@type":"ListItem","position":1,"name":"Accueil","item":"https:\/\/www.blettecommechou.fr\/"},{"@type":"ListItem","position":2,"name":"Commander","item":"https:\/\/www.blettecommechou.fr\/index.php\/commander\/"},{"@type":"ListItem","position":3,"name":"Oeufs plein air"}]},{"@type":"WebSite","@id":"https:\/\/www.blettecommechou.fr\/#website","url":"https:\/\/www.blettecommechou.fr\/","name":"Blette comme Chou","description":"Producteurs de l\u00e9gumes Magasin Fermier","potentialAction":[{"@type":"SearchAction","target":{"@type":"EntryPoint","urlTemplate":"https:\/\/www.blettecommechou.fr\/?s={search_term_string}"},"query-input":{"@type":"PropertyValueSpecification","valueRequired":true,"valueName":"search_term_string"}}],"inLanguage":"fr-FR"}]}},"_links":{"self":[{"href":"https:\/\/www.blettecommechou.fr\/index.php\/wp-json\/wp\/v2\/product\/1811","targetHints":{"allow":["GET"]}}],"collection":[{"href":"https:\/\/www.blettecommechou.fr\/index.php\/wp-json\/wp\/v2\/product"}],"about":[{"href":"https:\/\/www.blettecommechou.fr\/index.php\/wp-json\/wp\/v2\/types\/product"}],"wp:featuredmedia":[{"embeddable":true,"href":"https:\/\/www.blettecommechou.fr\/index.php\/wp-json\/wp\/v2\/media\/1832"}],"wp:attachment":[{"href":"https:\/\/www.blettecommechou.fr\/index.php\/wp-json\/wp\/v2\/media?parent=1811"}],"wp:term":[{"taxonomy":"product_brand","embeddable":true,"href":"https:\/\/www.blettecommechou.fr\/index.php\/wp-json\/wp\/v2\/product_brand?post=1811"},{"taxonomy":"product_cat","embeddable":true,"href":"https:\/\/www.blettecommechou.fr\/index.php\/wp-json\/wp\/v2\/product_cat?post=1811"},{"taxonomy":"product_tag","embeddable":true,"href":"https:\/\/www.blettecommechou.fr\/index.php\/wp-json\/wp\/v2\/product_tag?post=1811"}],"curies":[{"name":"wp","href":"https:\/\/api.w.org\/{rel}","templated":true}]}}