{"id":2091,"date":"2020-04-10T15:33:51","date_gmt":"2020-04-10T13:33:51","guid":{"rendered":"https:\/\/www.blettecommechou.fr\/?post_type=product&#038;p=2091"},"modified":"2022-03-25T10:05:22","modified_gmt":"2022-03-25T09:05:22","slug":"blettes","status":"publish","type":"product","link":"https:\/\/www.blettecommechou.fr\/index.php\/produit\/blettes\/","title":{"rendered":"Blettes"},"content":{"rendered":"<div class=\"fusion-fullwidth fullwidth-box fusion-builder-row-1 nonhundred-percent-fullwidth non-hundred-percent-height-scrolling\" style=\"--awb-border-radius-top-left:0px;--awb-border-radius-top-right:0px;--awb-border-radius-bottom-right:0px;--awb-border-radius-bottom-left:0px;--awb-padding-top:10px;--awb-padding-bottom:10px;--awb-flex-wrap:wrap;\" ><div class=\"fusion-builder-row fusion-row\"><div class=\"fusion-layout-column fusion_builder_column fusion-builder-column-0 fusion_builder_column_1_1 1_1 fusion-one-full fusion-column-first fusion-column-last\" style=\"--awb-bg-size:cover;--awb-margin-top:0px;--awb-margin-bottom:30px;\"><div class=\"fusion-column-wrapper fusion-column-has-shadow fusion-flex-column-wrapper-legacy\"><div class=\"fusion-text fusion-text-1\"><p>Nos blettes viennent de la Ferme de Villeneuve sous Dammartin. D\u00e9couvrez <a href=\"https:\/\/www.blettecommechou.fr\/index.php\/category\/blettes\/\">nos recettes<\/a> pour les cuisiner. Les blettes sont souvent m\u00e9connues et pourtant savoureuses et faciles \u00e0 cuisiner. Elles sont un alli\u00e9 sant\u00e9 par excellence car elles sont riches en fibres, en vitamines K et en min\u00e9raux. Nos blettes sont cueillies par nos soins au fur et \u00e0 mesure de vos commandes pour garantir vitamines et go\u00fbt dans vos assiettes.<\/p>\n<\/div><div class=\"fusion-clearfix\"><\/div><\/div><\/div><\/div><\/div>\n","protected":false},"excerpt":{"rendered":"<p>Blettes vendues en bottes fra\u00eechement cueillies au fil de vos commandes. Excellentes en gratin, tarte ou po\u00eal\u00e9e !<\/p>\n[fusion_checklist icon=\"fa-asterisk fas\" iconcolor=\"\" circle=\"\" circlecolor=\"\" size=\"14px\" divider=\"\" divider_color=\"\" hide_on_mobile=\"small-visibility,medium-visibility,large-visibility\" class=\"\" id=\"\"][fusion_li_item icon=\"\"]<span style=\"color: #235600;\"><strong>Origine<\/strong><\/span> &#8211; Ferme de Villeneuve sous Dammartin[\/fusion_li_item][fusion_li_item icon=\"\"]<span style=\"color: #235600;\"><strong>Prix de la botte<\/strong><\/span>&#8211; 2,3 \u20ac[\/fusion_li_item][\/fusion_checklist]\n","protected":false},"featured_media":2092,"template":"","meta":[],"product_brand":[],"product_cat":[29],"product_tag":[],"class_list":{"0":"post-2091","1":"product","2":"type-product","3":"status-publish","4":"has-post-thumbnail","6":"product_cat-legumes","8":"first","9":"instock","10":"featured","11":"taxable","12":"shipping-taxable","13":"purchasable","14":"product-type-simple"},"yoast_head":"<!-- This site is optimized with the Yoast SEO plugin v25.6 - https:\/\/yoast.com\/wordpress\/plugins\/seo\/ -->\n<title>Blettes - Blette comme Chou<\/title>\n<meta name=\"robots\" content=\"index, follow, max-snippet:-1, max-image-preview:large, max-video-preview:-1\" \/>\n<link rel=\"canonical\" href=\"https:\/\/www.blettecommechou.fr\/index.php\/produit\/blettes\/\" \/>\n<meta property=\"og:locale\" content=\"fr_FR\" \/>\n<meta property=\"og:type\" content=\"article\" \/>\n<meta property=\"og:title\" content=\"Blettes - Blette comme Chou\" \/>\n<meta property=\"og:description\" content=\"Blettes vendues en bottes fra\u00eechement cueillies au fil de vos commandes. Excellentes en gratin, tarte ou po\u00eal\u00e9e !\" \/>\n<meta property=\"og:url\" content=\"https:\/\/www.blettecommechou.fr\/index.php\/produit\/blettes\/\" \/>\n<meta property=\"og:site_name\" content=\"Blette comme Chou\" \/>\n<meta property=\"article:modified_time\" content=\"2022-03-25T09:05:22+00:00\" \/>\n<meta property=\"og:image\" content=\"https:\/\/www.blettecommechou.fr\/wp-content\/uploads\/2020\/04\/blettes-direct-producteur.jpg\" \/>\n\t<meta property=\"og:image:width\" content=\"560\" \/>\n\t<meta property=\"og:image:height\" content=\"560\" \/>\n\t<meta property=\"og:image:type\" content=\"image\/jpeg\" \/>\n<meta name=\"twitter:card\" content=\"summary_large_image\" \/>\n<meta name=\"twitter:label1\" content=\"Dur\u00e9e de lecture estim\u00e9e\" \/>\n\t<meta name=\"twitter:data1\" content=\"2 minutes\" \/>\n<script type=\"application\/ld+json\" class=\"yoast-schema-graph\">{\"@context\":\"https:\/\/schema.org\",\"@graph\":[{\"@type\":\"WebPage\",\"@id\":\"https:\/\/www.blettecommechou.fr\/index.php\/produit\/blettes\/\",\"url\":\"https:\/\/www.blettecommechou.fr\/index.php\/produit\/blettes\/\",\"name\":\"Blettes - Blette comme Chou\",\"isPartOf\":{\"@id\":\"https:\/\/www.blettecommechou.fr\/#website\"},\"primaryImageOfPage\":{\"@id\":\"https:\/\/www.blettecommechou.fr\/index.php\/produit\/blettes\/#primaryimage\"},\"image\":{\"@id\":\"https:\/\/www.blettecommechou.fr\/index.php\/produit\/blettes\/#primaryimage\"},\"thumbnailUrl\":\"https:\/\/www.blettecommechou.fr\/wp-content\/uploads\/2020\/04\/blettes-direct-producteur.jpg\",\"datePublished\":\"2020-04-10T13:33:51+00:00\",\"dateModified\":\"2022-03-25T09:05:22+00:00\",\"breadcrumb\":{\"@id\":\"https:\/\/www.blettecommechou.fr\/index.php\/produit\/blettes\/#breadcrumb\"},\"inLanguage\":\"fr-FR\",\"potentialAction\":[{\"@type\":\"ReadAction\",\"target\":[\"https:\/\/www.blettecommechou.fr\/index.php\/produit\/blettes\/\"]}]},{\"@type\":\"ImageObject\",\"inLanguage\":\"fr-FR\",\"@id\":\"https:\/\/www.blettecommechou.fr\/index.php\/produit\/blettes\/#primaryimage\",\"url\":\"https:\/\/www.blettecommechou.fr\/wp-content\/uploads\/2020\/04\/blettes-direct-producteur.jpg\",\"contentUrl\":\"https:\/\/www.blettecommechou.fr\/wp-content\/uploads\/2020\/04\/blettes-direct-producteur.jpg\",\"width\":560,\"height\":560,\"caption\":\"blettes-direct-producteur\"},{\"@type\":\"BreadcrumbList\",\"@id\":\"https:\/\/www.blettecommechou.fr\/index.php\/produit\/blettes\/#breadcrumb\",\"itemListElement\":[{\"@type\":\"ListItem\",\"position\":1,\"name\":\"Accueil\",\"item\":\"https:\/\/www.blettecommechou.fr\/\"},{\"@type\":\"ListItem\",\"position\":2,\"name\":\"Commander\",\"item\":\"https:\/\/www.blettecommechou.fr\/index.php\/commander\/\"},{\"@type\":\"ListItem\",\"position\":3,\"name\":\"Blettes\"}]},{\"@type\":\"WebSite\",\"@id\":\"https:\/\/www.blettecommechou.fr\/#website\",\"url\":\"https:\/\/www.blettecommechou.fr\/\",\"name\":\"Blette comme Chou\",\"description\":\"Producteurs de l\u00e9gumes Magasin Fermier\",\"potentialAction\":[{\"@type\":\"SearchAction\",\"target\":{\"@type\":\"EntryPoint\",\"urlTemplate\":\"https:\/\/www.blettecommechou.fr\/?s={search_term_string}\"},\"query-input\":{\"@type\":\"PropertyValueSpecification\",\"valueRequired\":true,\"valueName\":\"search_term_string\"}}],\"inLanguage\":\"fr-FR\"}]}<\/script>\n<!-- \/ Yoast SEO plugin. -->","yoast_head_json":{"title":"Blettes - Blette comme Chou","robots":{"index":"index","follow":"follow","max-snippet":"max-snippet:-1","max-image-preview":"max-image-preview:large","max-video-preview":"max-video-preview:-1"},"canonical":"https:\/\/www.blettecommechou.fr\/index.php\/produit\/blettes\/","og_locale":"fr_FR","og_type":"article","og_title":"Blettes - Blette comme Chou","og_description":"Blettes vendues en bottes fra\u00eechement cueillies au fil de vos commandes. Excellentes en gratin, tarte ou po\u00eal\u00e9e !","og_url":"https:\/\/www.blettecommechou.fr\/index.php\/produit\/blettes\/","og_site_name":"Blette comme Chou","article_modified_time":"2022-03-25T09:05:22+00:00","og_image":[{"width":560,"height":560,"url":"https:\/\/www.blettecommechou.fr\/wp-content\/uploads\/2020\/04\/blettes-direct-producteur.jpg","type":"image\/jpeg"}],"twitter_card":"summary_large_image","twitter_misc":{"Dur\u00e9e de lecture estim\u00e9e":"2 minutes"},"schema":{"@context":"https:\/\/schema.org","@graph":[{"@type":"WebPage","@id":"https:\/\/www.blettecommechou.fr\/index.php\/produit\/blettes\/","url":"https:\/\/www.blettecommechou.fr\/index.php\/produit\/blettes\/","name":"Blettes - Blette comme Chou","isPartOf":{"@id":"https:\/\/www.blettecommechou.fr\/#website"},"primaryImageOfPage":{"@id":"https:\/\/www.blettecommechou.fr\/index.php\/produit\/blettes\/#primaryimage"},"image":{"@id":"https:\/\/www.blettecommechou.fr\/index.php\/produit\/blettes\/#primaryimage"},"thumbnailUrl":"https:\/\/www.blettecommechou.fr\/wp-content\/uploads\/2020\/04\/blettes-direct-producteur.jpg","datePublished":"2020-04-10T13:33:51+00:00","dateModified":"2022-03-25T09:05:22+00:00","breadcrumb":{"@id":"https:\/\/www.blettecommechou.fr\/index.php\/produit\/blettes\/#breadcrumb"},"inLanguage":"fr-FR","potentialAction":[{"@type":"ReadAction","target":["https:\/\/www.blettecommechou.fr\/index.php\/produit\/blettes\/"]}]},{"@type":"ImageObject","inLanguage":"fr-FR","@id":"https:\/\/www.blettecommechou.fr\/index.php\/produit\/blettes\/#primaryimage","url":"https:\/\/www.blettecommechou.fr\/wp-content\/uploads\/2020\/04\/blettes-direct-producteur.jpg","contentUrl":"https:\/\/www.blettecommechou.fr\/wp-content\/uploads\/2020\/04\/blettes-direct-producteur.jpg","width":560,"height":560,"caption":"blettes-direct-producteur"},{"@type":"BreadcrumbList","@id":"https:\/\/www.blettecommechou.fr\/index.php\/produit\/blettes\/#breadcrumb","itemListElement":[{"@type":"ListItem","position":1,"name":"Accueil","item":"https:\/\/www.blettecommechou.fr\/"},{"@type":"ListItem","position":2,"name":"Commander","item":"https:\/\/www.blettecommechou.fr\/index.php\/commander\/"},{"@type":"ListItem","position":3,"name":"Blettes"}]},{"@type":"WebSite","@id":"https:\/\/www.blettecommechou.fr\/#website","url":"https:\/\/www.blettecommechou.fr\/","name":"Blette comme Chou","description":"Producteurs de l\u00e9gumes Magasin Fermier","potentialAction":[{"@type":"SearchAction","target":{"@type":"EntryPoint","urlTemplate":"https:\/\/www.blettecommechou.fr\/?s={search_term_string}"},"query-input":{"@type":"PropertyValueSpecification","valueRequired":true,"valueName":"search_term_string"}}],"inLanguage":"fr-FR"}]}},"_links":{"self":[{"href":"https:\/\/www.blettecommechou.fr\/index.php\/wp-json\/wp\/v2\/product\/2091","targetHints":{"allow":["GET"]}}],"collection":[{"href":"https:\/\/www.blettecommechou.fr\/index.php\/wp-json\/wp\/v2\/product"}],"about":[{"href":"https:\/\/www.blettecommechou.fr\/index.php\/wp-json\/wp\/v2\/types\/product"}],"wp:featuredmedia":[{"embeddable":true,"href":"https:\/\/www.blettecommechou.fr\/index.php\/wp-json\/wp\/v2\/media\/2092"}],"wp:attachment":[{"href":"https:\/\/www.blettecommechou.fr\/index.php\/wp-json\/wp\/v2\/media?parent=2091"}],"wp:term":[{"taxonomy":"product_brand","embeddable":true,"href":"https:\/\/www.blettecommechou.fr\/index.php\/wp-json\/wp\/v2\/product_brand?post=2091"},{"taxonomy":"product_cat","embeddable":true,"href":"https:\/\/www.blettecommechou.fr\/index.php\/wp-json\/wp\/v2\/product_cat?post=2091"},{"taxonomy":"product_tag","embeddable":true,"href":"https:\/\/www.blettecommechou.fr\/index.php\/wp-json\/wp\/v2\/product_tag?post=2091"}],"curies":[{"name":"wp","href":"https:\/\/api.w.org\/{rel}","templated":true}]}}