{"id":4923,"date":"2021-02-05T10:09:14","date_gmt":"2021-02-05T09:09:14","guid":{"rendered":"https:\/\/www.blettecommechou.fr\/?post_type=product&#038;p=4923"},"modified":"2021-10-22T11:48:22","modified_gmt":"2021-10-22T09:48:22","slug":"gelee-de-poire","status":"publish","type":"product","link":"https:\/\/www.blettecommechou.fr\/index.php\/produit\/gelee-de-poire\/","title":{"rendered":"Gel\u00e9e de poire"},"content":{"rendered":"<div class=\"fusion-fullwidth fullwidth-box fusion-builder-row-1 nonhundred-percent-fullwidth non-hundred-percent-height-scrolling\" style=\"--awb-border-radius-top-left:0px;--awb-border-radius-top-right:0px;--awb-border-radius-bottom-right:0px;--awb-border-radius-bottom-left:0px;--awb-padding-top:10px;--awb-padding-bottom:10px;--awb-flex-wrap:wrap;\" ><div class=\"fusion-builder-row fusion-row\"><div class=\"fusion-layout-column fusion_builder_column fusion-builder-column-0 fusion_builder_column_1_1 1_1 fusion-one-full fusion-column-first fusion-column-last\" style=\"--awb-bg-size:cover;--awb-margin-top:0px;--awb-margin-bottom:30px;\"><div class=\"fusion-column-wrapper fusion-column-has-shadow fusion-flex-column-wrapper-legacy\"><div class=\"fusion-text fusion-text-1\"><p>Les vergers de Molien proposent des gel\u00e9es, confitures et jus r\u00e9alis\u00e9s avec les fruits de leur production \u00e0 Ussy sur Marne<\/p>\n<\/div><div class=\"fusion-clearfix\"><\/div><\/div><\/div><\/div><\/div>\n","protected":false},"excerpt":{"rendered":"<p>La gel\u00e9e de poire est \u00e9labor\u00e9e par la famille Oudard avec les poires de leur production \u00e0 Ussy sur Marne.<\/p>\n[fusion_checklist icon=\"fa-asterisk fas\" iconcolor=\"\" circle=\"\" circlecolor=\"\" size=\"14px\" divider=\"\" divider_color=\"\" hide_on_mobile=\"small-visibility,medium-visibility,large-visibility\" class=\"\" id=\"\"][fusion_li_item icon=\"\"]<span style=\"color: #235600;\"><strong>Origine<\/strong><\/span> -Vergers de Molien &#8211; Ussy sur Marne[\/fusion_li_item][fusion_li_item icon=\"\"]<span style=\"color: #235600;\"><strong>Prix <\/strong><\/span>&#8211; 4,4\u20ac le pot de 350gr [\/fusion_li_item][\/fusion_checklist]\n","protected":false},"featured_media":4924,"template":"","meta":[],"product_brand":[],"product_cat":[31],"product_tag":[],"class_list":{"0":"post-4923","1":"product","2":"type-product","3":"status-publish","4":"has-post-thumbnail","6":"product_cat-epicerie","8":"first","9":"instock","10":"featured","11":"taxable","12":"shipping-taxable","13":"purchasable","14":"product-type-simple"},"yoast_head":"<!-- This site is optimized with the Yoast SEO plugin v25.6 - https:\/\/yoast.com\/wordpress\/plugins\/seo\/ -->\n<title>Gel\u00e9e de poire - Blette comme Chou<\/title>\n<meta name=\"robots\" content=\"index, follow, max-snippet:-1, max-image-preview:large, max-video-preview:-1\" \/>\n<link rel=\"canonical\" href=\"https:\/\/www.blettecommechou.fr\/index.php\/produit\/gelee-de-poire\/\" \/>\n<meta property=\"og:locale\" content=\"fr_FR\" \/>\n<meta property=\"og:type\" content=\"article\" \/>\n<meta property=\"og:title\" content=\"Gel\u00e9e de poire - Blette comme Chou\" \/>\n<meta property=\"og:description\" content=\"La gel\u00e9e de poire est \u00e9labor\u00e9e par la famille Oudard avec les poires de leur production \u00e0 Ussy sur Marne.\" \/>\n<meta property=\"og:url\" content=\"https:\/\/www.blettecommechou.fr\/index.php\/produit\/gelee-de-poire\/\" \/>\n<meta property=\"og:site_name\" content=\"Blette comme Chou\" \/>\n<meta property=\"article:modified_time\" content=\"2021-10-22T09:48:22+00:00\" \/>\n<meta property=\"og:image\" content=\"https:\/\/www.blettecommechou.fr\/wp-content\/uploads\/2021\/02\/Gel\u00e9e-de-poire-e1612517045842.jpg\" \/>\n\t<meta property=\"og:image:width\" content=\"480\" \/>\n\t<meta property=\"og:image:height\" content=\"480\" \/>\n\t<meta property=\"og:image:type\" content=\"image\/jpeg\" \/>\n<meta name=\"twitter:card\" content=\"summary_large_image\" \/>\n<meta name=\"twitter:label1\" content=\"Dur\u00e9e de lecture estim\u00e9e\" \/>\n\t<meta name=\"twitter:data1\" content=\"2 minutes\" \/>\n<script type=\"application\/ld+json\" class=\"yoast-schema-graph\">{\"@context\":\"https:\/\/schema.org\",\"@graph\":[{\"@type\":\"WebPage\",\"@id\":\"https:\/\/www.blettecommechou.fr\/index.php\/produit\/gelee-de-poire\/\",\"url\":\"https:\/\/www.blettecommechou.fr\/index.php\/produit\/gelee-de-poire\/\",\"name\":\"Gel\u00e9e de poire - Blette comme Chou\",\"isPartOf\":{\"@id\":\"https:\/\/www.blettecommechou.fr\/#website\"},\"primaryImageOfPage\":{\"@id\":\"https:\/\/www.blettecommechou.fr\/index.php\/produit\/gelee-de-poire\/#primaryimage\"},\"image\":{\"@id\":\"https:\/\/www.blettecommechou.fr\/index.php\/produit\/gelee-de-poire\/#primaryimage\"},\"thumbnailUrl\":\"https:\/\/www.blettecommechou.fr\/wp-content\/uploads\/2021\/02\/Gel\u00e9e-de-poire-e1612517045842.jpg\",\"datePublished\":\"2021-02-05T09:09:14+00:00\",\"dateModified\":\"2021-10-22T09:48:22+00:00\",\"breadcrumb\":{\"@id\":\"https:\/\/www.blettecommechou.fr\/index.php\/produit\/gelee-de-poire\/#breadcrumb\"},\"inLanguage\":\"fr-FR\",\"potentialAction\":[{\"@type\":\"ReadAction\",\"target\":[\"https:\/\/www.blettecommechou.fr\/index.php\/produit\/gelee-de-poire\/\"]}]},{\"@type\":\"ImageObject\",\"inLanguage\":\"fr-FR\",\"@id\":\"https:\/\/www.blettecommechou.fr\/index.php\/produit\/gelee-de-poire\/#primaryimage\",\"url\":\"https:\/\/www.blettecommechou.fr\/wp-content\/uploads\/2021\/02\/Gel\u00e9e-de-poire-e1612517045842.jpg\",\"contentUrl\":\"https:\/\/www.blettecommechou.fr\/wp-content\/uploads\/2021\/02\/Gel\u00e9e-de-poire-e1612517045842.jpg\",\"width\":480,\"height\":480},{\"@type\":\"BreadcrumbList\",\"@id\":\"https:\/\/www.blettecommechou.fr\/index.php\/produit\/gelee-de-poire\/#breadcrumb\",\"itemListElement\":[{\"@type\":\"ListItem\",\"position\":1,\"name\":\"Accueil\",\"item\":\"https:\/\/www.blettecommechou.fr\/\"},{\"@type\":\"ListItem\",\"position\":2,\"name\":\"Commander\",\"item\":\"https:\/\/www.blettecommechou.fr\/index.php\/commander\/\"},{\"@type\":\"ListItem\",\"position\":3,\"name\":\"Gel\u00e9e de poire\"}]},{\"@type\":\"WebSite\",\"@id\":\"https:\/\/www.blettecommechou.fr\/#website\",\"url\":\"https:\/\/www.blettecommechou.fr\/\",\"name\":\"Blette comme Chou\",\"description\":\"Producteurs de l\u00e9gumes Magasin Fermier\",\"potentialAction\":[{\"@type\":\"SearchAction\",\"target\":{\"@type\":\"EntryPoint\",\"urlTemplate\":\"https:\/\/www.blettecommechou.fr\/?s={search_term_string}\"},\"query-input\":{\"@type\":\"PropertyValueSpecification\",\"valueRequired\":true,\"valueName\":\"search_term_string\"}}],\"inLanguage\":\"fr-FR\"}]}<\/script>\n<!-- \/ Yoast SEO plugin. -->","yoast_head_json":{"title":"Gel\u00e9e de poire - Blette comme Chou","robots":{"index":"index","follow":"follow","max-snippet":"max-snippet:-1","max-image-preview":"max-image-preview:large","max-video-preview":"max-video-preview:-1"},"canonical":"https:\/\/www.blettecommechou.fr\/index.php\/produit\/gelee-de-poire\/","og_locale":"fr_FR","og_type":"article","og_title":"Gel\u00e9e de poire - Blette comme Chou","og_description":"La gel\u00e9e de poire est \u00e9labor\u00e9e par la famille Oudard avec les poires de leur production \u00e0 Ussy sur Marne.","og_url":"https:\/\/www.blettecommechou.fr\/index.php\/produit\/gelee-de-poire\/","og_site_name":"Blette comme Chou","article_modified_time":"2021-10-22T09:48:22+00:00","og_image":[{"width":480,"height":480,"url":"https:\/\/www.blettecommechou.fr\/wp-content\/uploads\/2021\/02\/Gel\u00e9e-de-poire-e1612517045842.jpg","type":"image\/jpeg"}],"twitter_card":"summary_large_image","twitter_misc":{"Dur\u00e9e de lecture estim\u00e9e":"2 minutes"},"schema":{"@context":"https:\/\/schema.org","@graph":[{"@type":"WebPage","@id":"https:\/\/www.blettecommechou.fr\/index.php\/produit\/gelee-de-poire\/","url":"https:\/\/www.blettecommechou.fr\/index.php\/produit\/gelee-de-poire\/","name":"Gel\u00e9e de poire - Blette comme Chou","isPartOf":{"@id":"https:\/\/www.blettecommechou.fr\/#website"},"primaryImageOfPage":{"@id":"https:\/\/www.blettecommechou.fr\/index.php\/produit\/gelee-de-poire\/#primaryimage"},"image":{"@id":"https:\/\/www.blettecommechou.fr\/index.php\/produit\/gelee-de-poire\/#primaryimage"},"thumbnailUrl":"https:\/\/www.blettecommechou.fr\/wp-content\/uploads\/2021\/02\/Gel\u00e9e-de-poire-e1612517045842.jpg","datePublished":"2021-02-05T09:09:14+00:00","dateModified":"2021-10-22T09:48:22+00:00","breadcrumb":{"@id":"https:\/\/www.blettecommechou.fr\/index.php\/produit\/gelee-de-poire\/#breadcrumb"},"inLanguage":"fr-FR","potentialAction":[{"@type":"ReadAction","target":["https:\/\/www.blettecommechou.fr\/index.php\/produit\/gelee-de-poire\/"]}]},{"@type":"ImageObject","inLanguage":"fr-FR","@id":"https:\/\/www.blettecommechou.fr\/index.php\/produit\/gelee-de-poire\/#primaryimage","url":"https:\/\/www.blettecommechou.fr\/wp-content\/uploads\/2021\/02\/Gel\u00e9e-de-poire-e1612517045842.jpg","contentUrl":"https:\/\/www.blettecommechou.fr\/wp-content\/uploads\/2021\/02\/Gel\u00e9e-de-poire-e1612517045842.jpg","width":480,"height":480},{"@type":"BreadcrumbList","@id":"https:\/\/www.blettecommechou.fr\/index.php\/produit\/gelee-de-poire\/#breadcrumb","itemListElement":[{"@type":"ListItem","position":1,"name":"Accueil","item":"https:\/\/www.blettecommechou.fr\/"},{"@type":"ListItem","position":2,"name":"Commander","item":"https:\/\/www.blettecommechou.fr\/index.php\/commander\/"},{"@type":"ListItem","position":3,"name":"Gel\u00e9e de poire"}]},{"@type":"WebSite","@id":"https:\/\/www.blettecommechou.fr\/#website","url":"https:\/\/www.blettecommechou.fr\/","name":"Blette comme Chou","description":"Producteurs de l\u00e9gumes Magasin Fermier","potentialAction":[{"@type":"SearchAction","target":{"@type":"EntryPoint","urlTemplate":"https:\/\/www.blettecommechou.fr\/?s={search_term_string}"},"query-input":{"@type":"PropertyValueSpecification","valueRequired":true,"valueName":"search_term_string"}}],"inLanguage":"fr-FR"}]}},"_links":{"self":[{"href":"https:\/\/www.blettecommechou.fr\/index.php\/wp-json\/wp\/v2\/product\/4923","targetHints":{"allow":["GET"]}}],"collection":[{"href":"https:\/\/www.blettecommechou.fr\/index.php\/wp-json\/wp\/v2\/product"}],"about":[{"href":"https:\/\/www.blettecommechou.fr\/index.php\/wp-json\/wp\/v2\/types\/product"}],"wp:featuredmedia":[{"embeddable":true,"href":"https:\/\/www.blettecommechou.fr\/index.php\/wp-json\/wp\/v2\/media\/4924"}],"wp:attachment":[{"href":"https:\/\/www.blettecommechou.fr\/index.php\/wp-json\/wp\/v2\/media?parent=4923"}],"wp:term":[{"taxonomy":"product_brand","embeddable":true,"href":"https:\/\/www.blettecommechou.fr\/index.php\/wp-json\/wp\/v2\/product_brand?post=4923"},{"taxonomy":"product_cat","embeddable":true,"href":"https:\/\/www.blettecommechou.fr\/index.php\/wp-json\/wp\/v2\/product_cat?post=4923"},{"taxonomy":"product_tag","embeddable":true,"href":"https:\/\/www.blettecommechou.fr\/index.php\/wp-json\/wp\/v2\/product_tag?post=4923"}],"curies":[{"name":"wp","href":"https:\/\/api.w.org\/{rel}","templated":true}]}}