{"id":5213,"date":"2021-03-19T10:43:41","date_gmt":"2021-03-19T09:43:41","guid":{"rendered":"https:\/\/www.blettecommechou.fr\/?post_type=product&#038;p=5213"},"modified":"2023-03-23T08:49:13","modified_gmt":"2023-03-23T07:49:13","slug":"crottin-de-chevre","status":"publish","type":"product","link":"https:\/\/www.blettecommechou.fr\/index.php\/produit\/crottin-de-chevre\/","title":{"rendered":"Crottin de ch\u00e8vre"},"content":{"rendered":"<div class=\"fusion-fullwidth fullwidth-box fusion-builder-row-1 nonhundred-percent-fullwidth non-hundred-percent-height-scrolling\" style=\"--awb-border-radius-top-left:0px;--awb-border-radius-top-right:0px;--awb-border-radius-bottom-right:0px;--awb-border-radius-bottom-left:0px;--awb-padding-top:10px;--awb-padding-bottom:10px;--awb-flex-wrap:wrap;\" ><div class=\"fusion-builder-row fusion-row\"><div class=\"fusion-layout-column fusion_builder_column fusion-builder-column-0 fusion_builder_column_1_1 1_1 fusion-one-full fusion-column-first fusion-column-last\" style=\"--awb-bg-size:cover;--awb-margin-top:0px;--awb-margin-bottom:30px;\"><div class=\"fusion-column-wrapper fusion-column-has-shadow fusion-flex-column-wrapper-legacy\"><div class=\"fusion-text fusion-text-1\"><p>Nous travaillons avec les ch\u00e8vres Moret depuis notre lancement et nous les adorons ! En crottins ou en buches les fromages sont frais et fondants<\/p>\n<\/div><div class=\"fusion-clearfix\"><\/div><\/div><\/div><\/div><\/div>\n","protected":false},"excerpt":{"rendered":"<p>Les crottins de ch\u00e8vres viennent de l&rsquo;\u00e9levage et de la productions de la Famille Moret \u00e0 Tancrou. Mathilde repr\u00e9sente la deuxi\u00e8me g\u00e9n\u00e9ration et confectionne avec soin des bons fromages de ch\u00e8vres \u00e0 la Ferme.<\/p>\n[fusion_checklist icon=\"fa-asterisk fas\" iconcolor=\"\" circle=\"\" circlecolor=\"\" size=\"14px\" divider=\"\" divider_color=\"\" hide_on_mobile=\"small-visibility,medium-visibility,large-visibility\" class=\"\" id=\"\"][fusion_li_item icon=\"\"]<span style=\"color: #235600;\"><strong>Origine<\/strong><\/span> &#8211; Tancrou (77)[\/fusion_li_item][fusion_li_item icon=\"\"]<span style=\"color: #235600;\"><strong>Prix du crottin <\/strong><\/span>&#8211; 3,85\u20ac [\/fusion_li_item][\/fusion_checklist]\n","protected":false},"featured_media":5214,"template":"","meta":[],"product_brand":[],"product_cat":[53],"product_tag":[],"class_list":{"0":"post-5213","1":"product","2":"type-product","3":"status-publish","4":"has-post-thumbnail","6":"product_cat-fromages-laitages","8":"first","9":"instock","10":"featured","11":"taxable","12":"shipping-taxable","13":"purchasable","14":"product-type-simple"},"yoast_head":"<!-- This site is optimized with the Yoast SEO plugin v25.6 - https:\/\/yoast.com\/wordpress\/plugins\/seo\/ -->\n<title>Crottin de ch\u00e8vre - Blette comme Chou<\/title>\n<meta name=\"robots\" content=\"index, follow, max-snippet:-1, max-image-preview:large, max-video-preview:-1\" \/>\n<link rel=\"canonical\" href=\"https:\/\/www.blettecommechou.fr\/index.php\/produit\/crottin-de-chevre\/\" \/>\n<meta property=\"og:locale\" content=\"fr_FR\" \/>\n<meta property=\"og:type\" content=\"article\" \/>\n<meta property=\"og:title\" content=\"Crottin de ch\u00e8vre - Blette comme Chou\" \/>\n<meta property=\"og:description\" content=\"Les crottins de ch\u00e8vres viennent de l&#039;\u00e9levage et de la productions de la Famille Moret \u00e0 Tancrou. Mathilde repr\u00e9sente la deuxi\u00e8me g\u00e9n\u00e9ration et confectionne avec soin des bons fromages de ch\u00e8vres \u00e0 la Ferme.\" \/>\n<meta property=\"og:url\" content=\"https:\/\/www.blettecommechou.fr\/index.php\/produit\/crottin-de-chevre\/\" \/>\n<meta property=\"og:site_name\" content=\"Blette comme Chou\" \/>\n<meta property=\"article:modified_time\" content=\"2023-03-23T07:49:13+00:00\" \/>\n<meta property=\"og:image\" content=\"https:\/\/www.blettecommechou.fr\/wp-content\/uploads\/2021\/03\/crottins-e1616147565223.jpg\" \/>\n\t<meta property=\"og:image:width\" content=\"900\" \/>\n\t<meta property=\"og:image:height\" content=\"900\" \/>\n\t<meta property=\"og:image:type\" content=\"image\/jpeg\" \/>\n<meta name=\"twitter:card\" content=\"summary_large_image\" \/>\n<meta name=\"twitter:label1\" content=\"Dur\u00e9e de lecture estim\u00e9e\" \/>\n\t<meta name=\"twitter:data1\" content=\"2 minutes\" \/>\n<script type=\"application\/ld+json\" class=\"yoast-schema-graph\">{\"@context\":\"https:\/\/schema.org\",\"@graph\":[{\"@type\":\"WebPage\",\"@id\":\"https:\/\/www.blettecommechou.fr\/index.php\/produit\/crottin-de-chevre\/\",\"url\":\"https:\/\/www.blettecommechou.fr\/index.php\/produit\/crottin-de-chevre\/\",\"name\":\"Crottin de ch\u00e8vre - Blette comme Chou\",\"isPartOf\":{\"@id\":\"https:\/\/www.blettecommechou.fr\/#website\"},\"primaryImageOfPage\":{\"@id\":\"https:\/\/www.blettecommechou.fr\/index.php\/produit\/crottin-de-chevre\/#primaryimage\"},\"image\":{\"@id\":\"https:\/\/www.blettecommechou.fr\/index.php\/produit\/crottin-de-chevre\/#primaryimage\"},\"thumbnailUrl\":\"https:\/\/www.blettecommechou.fr\/wp-content\/uploads\/2021\/03\/crottins-e1616147565223.jpg\",\"datePublished\":\"2021-03-19T09:43:41+00:00\",\"dateModified\":\"2023-03-23T07:49:13+00:00\",\"breadcrumb\":{\"@id\":\"https:\/\/www.blettecommechou.fr\/index.php\/produit\/crottin-de-chevre\/#breadcrumb\"},\"inLanguage\":\"fr-FR\",\"potentialAction\":[{\"@type\":\"ReadAction\",\"target\":[\"https:\/\/www.blettecommechou.fr\/index.php\/produit\/crottin-de-chevre\/\"]}]},{\"@type\":\"ImageObject\",\"inLanguage\":\"fr-FR\",\"@id\":\"https:\/\/www.blettecommechou.fr\/index.php\/produit\/crottin-de-chevre\/#primaryimage\",\"url\":\"https:\/\/www.blettecommechou.fr\/wp-content\/uploads\/2021\/03\/crottins-e1616147565223.jpg\",\"contentUrl\":\"https:\/\/www.blettecommechou.fr\/wp-content\/uploads\/2021\/03\/crottins-e1616147565223.jpg\",\"width\":900,\"height\":900},{\"@type\":\"BreadcrumbList\",\"@id\":\"https:\/\/www.blettecommechou.fr\/index.php\/produit\/crottin-de-chevre\/#breadcrumb\",\"itemListElement\":[{\"@type\":\"ListItem\",\"position\":1,\"name\":\"Accueil\",\"item\":\"https:\/\/www.blettecommechou.fr\/\"},{\"@type\":\"ListItem\",\"position\":2,\"name\":\"Commander\",\"item\":\"https:\/\/www.blettecommechou.fr\/index.php\/commander\/\"},{\"@type\":\"ListItem\",\"position\":3,\"name\":\"Crottin de ch\u00e8vre\"}]},{\"@type\":\"WebSite\",\"@id\":\"https:\/\/www.blettecommechou.fr\/#website\",\"url\":\"https:\/\/www.blettecommechou.fr\/\",\"name\":\"Blette comme Chou\",\"description\":\"Producteurs de l\u00e9gumes Magasin Fermier\",\"potentialAction\":[{\"@type\":\"SearchAction\",\"target\":{\"@type\":\"EntryPoint\",\"urlTemplate\":\"https:\/\/www.blettecommechou.fr\/?s={search_term_string}\"},\"query-input\":{\"@type\":\"PropertyValueSpecification\",\"valueRequired\":true,\"valueName\":\"search_term_string\"}}],\"inLanguage\":\"fr-FR\"}]}<\/script>\n<!-- \/ Yoast SEO plugin. -->","yoast_head_json":{"title":"Crottin de ch\u00e8vre - Blette comme Chou","robots":{"index":"index","follow":"follow","max-snippet":"max-snippet:-1","max-image-preview":"max-image-preview:large","max-video-preview":"max-video-preview:-1"},"canonical":"https:\/\/www.blettecommechou.fr\/index.php\/produit\/crottin-de-chevre\/","og_locale":"fr_FR","og_type":"article","og_title":"Crottin de ch\u00e8vre - Blette comme Chou","og_description":"Les crottins de ch\u00e8vres viennent de l'\u00e9levage et de la productions de la Famille Moret \u00e0 Tancrou. Mathilde repr\u00e9sente la deuxi\u00e8me g\u00e9n\u00e9ration et confectionne avec soin des bons fromages de ch\u00e8vres \u00e0 la Ferme.","og_url":"https:\/\/www.blettecommechou.fr\/index.php\/produit\/crottin-de-chevre\/","og_site_name":"Blette comme Chou","article_modified_time":"2023-03-23T07:49:13+00:00","og_image":[{"width":900,"height":900,"url":"https:\/\/www.blettecommechou.fr\/wp-content\/uploads\/2021\/03\/crottins-e1616147565223.jpg","type":"image\/jpeg"}],"twitter_card":"summary_large_image","twitter_misc":{"Dur\u00e9e de lecture estim\u00e9e":"2 minutes"},"schema":{"@context":"https:\/\/schema.org","@graph":[{"@type":"WebPage","@id":"https:\/\/www.blettecommechou.fr\/index.php\/produit\/crottin-de-chevre\/","url":"https:\/\/www.blettecommechou.fr\/index.php\/produit\/crottin-de-chevre\/","name":"Crottin de ch\u00e8vre - Blette comme Chou","isPartOf":{"@id":"https:\/\/www.blettecommechou.fr\/#website"},"primaryImageOfPage":{"@id":"https:\/\/www.blettecommechou.fr\/index.php\/produit\/crottin-de-chevre\/#primaryimage"},"image":{"@id":"https:\/\/www.blettecommechou.fr\/index.php\/produit\/crottin-de-chevre\/#primaryimage"},"thumbnailUrl":"https:\/\/www.blettecommechou.fr\/wp-content\/uploads\/2021\/03\/crottins-e1616147565223.jpg","datePublished":"2021-03-19T09:43:41+00:00","dateModified":"2023-03-23T07:49:13+00:00","breadcrumb":{"@id":"https:\/\/www.blettecommechou.fr\/index.php\/produit\/crottin-de-chevre\/#breadcrumb"},"inLanguage":"fr-FR","potentialAction":[{"@type":"ReadAction","target":["https:\/\/www.blettecommechou.fr\/index.php\/produit\/crottin-de-chevre\/"]}]},{"@type":"ImageObject","inLanguage":"fr-FR","@id":"https:\/\/www.blettecommechou.fr\/index.php\/produit\/crottin-de-chevre\/#primaryimage","url":"https:\/\/www.blettecommechou.fr\/wp-content\/uploads\/2021\/03\/crottins-e1616147565223.jpg","contentUrl":"https:\/\/www.blettecommechou.fr\/wp-content\/uploads\/2021\/03\/crottins-e1616147565223.jpg","width":900,"height":900},{"@type":"BreadcrumbList","@id":"https:\/\/www.blettecommechou.fr\/index.php\/produit\/crottin-de-chevre\/#breadcrumb","itemListElement":[{"@type":"ListItem","position":1,"name":"Accueil","item":"https:\/\/www.blettecommechou.fr\/"},{"@type":"ListItem","position":2,"name":"Commander","item":"https:\/\/www.blettecommechou.fr\/index.php\/commander\/"},{"@type":"ListItem","position":3,"name":"Crottin de ch\u00e8vre"}]},{"@type":"WebSite","@id":"https:\/\/www.blettecommechou.fr\/#website","url":"https:\/\/www.blettecommechou.fr\/","name":"Blette comme Chou","description":"Producteurs de l\u00e9gumes Magasin Fermier","potentialAction":[{"@type":"SearchAction","target":{"@type":"EntryPoint","urlTemplate":"https:\/\/www.blettecommechou.fr\/?s={search_term_string}"},"query-input":{"@type":"PropertyValueSpecification","valueRequired":true,"valueName":"search_term_string"}}],"inLanguage":"fr-FR"}]}},"_links":{"self":[{"href":"https:\/\/www.blettecommechou.fr\/index.php\/wp-json\/wp\/v2\/product\/5213","targetHints":{"allow":["GET"]}}],"collection":[{"href":"https:\/\/www.blettecommechou.fr\/index.php\/wp-json\/wp\/v2\/product"}],"about":[{"href":"https:\/\/www.blettecommechou.fr\/index.php\/wp-json\/wp\/v2\/types\/product"}],"wp:featuredmedia":[{"embeddable":true,"href":"https:\/\/www.blettecommechou.fr\/index.php\/wp-json\/wp\/v2\/media\/5214"}],"wp:attachment":[{"href":"https:\/\/www.blettecommechou.fr\/index.php\/wp-json\/wp\/v2\/media?parent=5213"}],"wp:term":[{"taxonomy":"product_brand","embeddable":true,"href":"https:\/\/www.blettecommechou.fr\/index.php\/wp-json\/wp\/v2\/product_brand?post=5213"},{"taxonomy":"product_cat","embeddable":true,"href":"https:\/\/www.blettecommechou.fr\/index.php\/wp-json\/wp\/v2\/product_cat?post=5213"},{"taxonomy":"product_tag","embeddable":true,"href":"https:\/\/www.blettecommechou.fr\/index.php\/wp-json\/wp\/v2\/product_tag?post=5213"}],"curies":[{"name":"wp","href":"https:\/\/api.w.org\/{rel}","templated":true}]}}