{"id":5305,"date":"2021-03-25T18:19:11","date_gmt":"2021-03-25T17:19:11","guid":{"rendered":"https:\/\/www.blettecommechou.fr\/?post_type=product&#038;p=5305"},"modified":"2021-10-22T11:46:56","modified_gmt":"2021-10-22T09:46:56","slug":"fromage-blanc","status":"publish","type":"product","link":"https:\/\/www.blettecommechou.fr\/index.php\/produit\/fromage-blanc\/","title":{"rendered":"Fromage blanc"},"content":{"rendered":"<div class=\"fusion-fullwidth fullwidth-box fusion-builder-row-1 nonhundred-percent-fullwidth non-hundred-percent-height-scrolling\" style=\"--awb-border-radius-top-left:0px;--awb-border-radius-top-right:0px;--awb-border-radius-bottom-right:0px;--awb-border-radius-bottom-left:0px;--awb-padding-top:10px;--awb-padding-bottom:10px;--awb-flex-wrap:wrap;\" ><div class=\"fusion-builder-row fusion-row\"><div class=\"fusion-layout-column fusion_builder_column fusion-builder-column-0 fusion_builder_column_1_1 1_1 fusion-one-full fusion-column-first fusion-column-last\" style=\"--awb-bg-size:cover;--awb-margin-top:0px;--awb-margin-bottom:30px;\"><div class=\"fusion-column-wrapper fusion-column-has-shadow fusion-flex-column-wrapper-legacy\"><div class=\"fusion-text fusion-text-1\"><p>La ferme de Saint Thibault se situe \u00e0 Lagny sur Marne. Brigitte \u00e9l\u00e8ve ses vaches en p\u00e2ture et produit des laitages sur place avec la traite quotidienne.<\/p>\n<\/div><div class=\"fusion-clearfix\"><\/div><\/div><\/div><\/div><\/div>\n","protected":false},"excerpt":{"rendered":"<p>Le fromage blanc est produit par Brigitte \u00e0 la ferme de Saint Thibault (77) avec le lait des vaches \u00e9lev\u00e9es sur place. Il est lisse et fabriqu\u00e9 \u00e0 base de lait entier de la ferme.<\/p>\n[fusion_checklist icon=\"fa-asterisk fas\" iconcolor=\"\" circle=\"\" circlecolor=\"\" size=\"14px\" divider=\"\" divider_color=\"\" hide_on_mobile=\"small-visibility,medium-visibility,large-visibility\" class=\"\" id=\"\"][fusion_li_item icon=\"\"]<span style=\"color: #235600;\"><strong>Origine<\/strong><\/span> &#8211; Lagny sur Marne (77)[\/fusion_li_item][fusion_li_item icon=\"\"]<span style=\"color: #235600;\"><strong>Prix du fromage blanc <\/strong><\/span>&#8211; 2,6\u20ac [\/fusion_li_item][\/fusion_checklist]\n","protected":false},"featured_media":5306,"template":"","meta":[],"product_brand":[],"product_cat":[53],"product_tag":[],"class_list":{"0":"post-5305","1":"product","2":"type-product","3":"status-publish","4":"has-post-thumbnail","6":"product_cat-fromages-laitages","8":"first","9":"instock","10":"featured","11":"taxable","12":"shipping-taxable","13":"purchasable","14":"product-type-simple"},"yoast_head":"<!-- This site is optimized with the Yoast SEO plugin v25.6 - https:\/\/yoast.com\/wordpress\/plugins\/seo\/ -->\n<title>Fromage blanc - Blette comme Chou<\/title>\n<meta name=\"robots\" content=\"index, follow, max-snippet:-1, max-image-preview:large, max-video-preview:-1\" \/>\n<link rel=\"canonical\" href=\"https:\/\/www.blettecommechou.fr\/index.php\/produit\/fromage-blanc\/\" \/>\n<meta property=\"og:locale\" content=\"fr_FR\" \/>\n<meta property=\"og:type\" content=\"article\" \/>\n<meta property=\"og:title\" content=\"Fromage blanc - Blette comme Chou\" \/>\n<meta property=\"og:description\" content=\"Le fromage blanc est produit par Brigitte \u00e0 la ferme de Saint Thibault (77) avec le lait des vaches \u00e9lev\u00e9es sur place. Il est lisse et fabriqu\u00e9 \u00e0 base de lait entier de la ferme.\" \/>\n<meta property=\"og:url\" content=\"https:\/\/www.blettecommechou.fr\/index.php\/produit\/fromage-blanc\/\" \/>\n<meta property=\"og:site_name\" content=\"Blette comme Chou\" \/>\n<meta property=\"article:modified_time\" content=\"2021-10-22T09:46:56+00:00\" \/>\n<meta property=\"og:image\" content=\"https:\/\/www.blettecommechou.fr\/wp-content\/uploads\/2021\/03\/fromage-blanc-e1616692885670.jpg\" \/>\n\t<meta property=\"og:image:width\" content=\"1512\" \/>\n\t<meta property=\"og:image:height\" content=\"1512\" \/>\n\t<meta property=\"og:image:type\" content=\"image\/jpeg\" \/>\n<meta name=\"twitter:card\" content=\"summary_large_image\" \/>\n<meta name=\"twitter:label1\" content=\"Dur\u00e9e de lecture estim\u00e9e\" \/>\n\t<meta name=\"twitter:data1\" content=\"2 minutes\" \/>\n<script type=\"application\/ld+json\" class=\"yoast-schema-graph\">{\"@context\":\"https:\/\/schema.org\",\"@graph\":[{\"@type\":\"WebPage\",\"@id\":\"https:\/\/www.blettecommechou.fr\/index.php\/produit\/fromage-blanc\/\",\"url\":\"https:\/\/www.blettecommechou.fr\/index.php\/produit\/fromage-blanc\/\",\"name\":\"Fromage blanc - Blette comme Chou\",\"isPartOf\":{\"@id\":\"https:\/\/www.blettecommechou.fr\/#website\"},\"primaryImageOfPage\":{\"@id\":\"https:\/\/www.blettecommechou.fr\/index.php\/produit\/fromage-blanc\/#primaryimage\"},\"image\":{\"@id\":\"https:\/\/www.blettecommechou.fr\/index.php\/produit\/fromage-blanc\/#primaryimage\"},\"thumbnailUrl\":\"https:\/\/www.blettecommechou.fr\/wp-content\/uploads\/2021\/03\/fromage-blanc-e1616692885670.jpg\",\"datePublished\":\"2021-03-25T17:19:11+00:00\",\"dateModified\":\"2021-10-22T09:46:56+00:00\",\"breadcrumb\":{\"@id\":\"https:\/\/www.blettecommechou.fr\/index.php\/produit\/fromage-blanc\/#breadcrumb\"},\"inLanguage\":\"fr-FR\",\"potentialAction\":[{\"@type\":\"ReadAction\",\"target\":[\"https:\/\/www.blettecommechou.fr\/index.php\/produit\/fromage-blanc\/\"]}]},{\"@type\":\"ImageObject\",\"inLanguage\":\"fr-FR\",\"@id\":\"https:\/\/www.blettecommechou.fr\/index.php\/produit\/fromage-blanc\/#primaryimage\",\"url\":\"https:\/\/www.blettecommechou.fr\/wp-content\/uploads\/2021\/03\/fromage-blanc-e1616692885670.jpg\",\"contentUrl\":\"https:\/\/www.blettecommechou.fr\/wp-content\/uploads\/2021\/03\/fromage-blanc-e1616692885670.jpg\",\"width\":1512,\"height\":1512},{\"@type\":\"BreadcrumbList\",\"@id\":\"https:\/\/www.blettecommechou.fr\/index.php\/produit\/fromage-blanc\/#breadcrumb\",\"itemListElement\":[{\"@type\":\"ListItem\",\"position\":1,\"name\":\"Accueil\",\"item\":\"https:\/\/www.blettecommechou.fr\/\"},{\"@type\":\"ListItem\",\"position\":2,\"name\":\"Commander\",\"item\":\"https:\/\/www.blettecommechou.fr\/index.php\/commander\/\"},{\"@type\":\"ListItem\",\"position\":3,\"name\":\"Fromage blanc\"}]},{\"@type\":\"WebSite\",\"@id\":\"https:\/\/www.blettecommechou.fr\/#website\",\"url\":\"https:\/\/www.blettecommechou.fr\/\",\"name\":\"Blette comme Chou\",\"description\":\"Producteurs de l\u00e9gumes Magasin Fermier\",\"potentialAction\":[{\"@type\":\"SearchAction\",\"target\":{\"@type\":\"EntryPoint\",\"urlTemplate\":\"https:\/\/www.blettecommechou.fr\/?s={search_term_string}\"},\"query-input\":{\"@type\":\"PropertyValueSpecification\",\"valueRequired\":true,\"valueName\":\"search_term_string\"}}],\"inLanguage\":\"fr-FR\"}]}<\/script>\n<!-- \/ Yoast SEO plugin. -->","yoast_head_json":{"title":"Fromage blanc - Blette comme Chou","robots":{"index":"index","follow":"follow","max-snippet":"max-snippet:-1","max-image-preview":"max-image-preview:large","max-video-preview":"max-video-preview:-1"},"canonical":"https:\/\/www.blettecommechou.fr\/index.php\/produit\/fromage-blanc\/","og_locale":"fr_FR","og_type":"article","og_title":"Fromage blanc - Blette comme Chou","og_description":"Le fromage blanc est produit par Brigitte \u00e0 la ferme de Saint Thibault (77) avec le lait des vaches \u00e9lev\u00e9es sur place. Il est lisse et fabriqu\u00e9 \u00e0 base de lait entier de la ferme.","og_url":"https:\/\/www.blettecommechou.fr\/index.php\/produit\/fromage-blanc\/","og_site_name":"Blette comme Chou","article_modified_time":"2021-10-22T09:46:56+00:00","og_image":[{"width":1512,"height":1512,"url":"https:\/\/www.blettecommechou.fr\/wp-content\/uploads\/2021\/03\/fromage-blanc-e1616692885670.jpg","type":"image\/jpeg"}],"twitter_card":"summary_large_image","twitter_misc":{"Dur\u00e9e de lecture estim\u00e9e":"2 minutes"},"schema":{"@context":"https:\/\/schema.org","@graph":[{"@type":"WebPage","@id":"https:\/\/www.blettecommechou.fr\/index.php\/produit\/fromage-blanc\/","url":"https:\/\/www.blettecommechou.fr\/index.php\/produit\/fromage-blanc\/","name":"Fromage blanc - Blette comme Chou","isPartOf":{"@id":"https:\/\/www.blettecommechou.fr\/#website"},"primaryImageOfPage":{"@id":"https:\/\/www.blettecommechou.fr\/index.php\/produit\/fromage-blanc\/#primaryimage"},"image":{"@id":"https:\/\/www.blettecommechou.fr\/index.php\/produit\/fromage-blanc\/#primaryimage"},"thumbnailUrl":"https:\/\/www.blettecommechou.fr\/wp-content\/uploads\/2021\/03\/fromage-blanc-e1616692885670.jpg","datePublished":"2021-03-25T17:19:11+00:00","dateModified":"2021-10-22T09:46:56+00:00","breadcrumb":{"@id":"https:\/\/www.blettecommechou.fr\/index.php\/produit\/fromage-blanc\/#breadcrumb"},"inLanguage":"fr-FR","potentialAction":[{"@type":"ReadAction","target":["https:\/\/www.blettecommechou.fr\/index.php\/produit\/fromage-blanc\/"]}]},{"@type":"ImageObject","inLanguage":"fr-FR","@id":"https:\/\/www.blettecommechou.fr\/index.php\/produit\/fromage-blanc\/#primaryimage","url":"https:\/\/www.blettecommechou.fr\/wp-content\/uploads\/2021\/03\/fromage-blanc-e1616692885670.jpg","contentUrl":"https:\/\/www.blettecommechou.fr\/wp-content\/uploads\/2021\/03\/fromage-blanc-e1616692885670.jpg","width":1512,"height":1512},{"@type":"BreadcrumbList","@id":"https:\/\/www.blettecommechou.fr\/index.php\/produit\/fromage-blanc\/#breadcrumb","itemListElement":[{"@type":"ListItem","position":1,"name":"Accueil","item":"https:\/\/www.blettecommechou.fr\/"},{"@type":"ListItem","position":2,"name":"Commander","item":"https:\/\/www.blettecommechou.fr\/index.php\/commander\/"},{"@type":"ListItem","position":3,"name":"Fromage blanc"}]},{"@type":"WebSite","@id":"https:\/\/www.blettecommechou.fr\/#website","url":"https:\/\/www.blettecommechou.fr\/","name":"Blette comme Chou","description":"Producteurs de l\u00e9gumes Magasin Fermier","potentialAction":[{"@type":"SearchAction","target":{"@type":"EntryPoint","urlTemplate":"https:\/\/www.blettecommechou.fr\/?s={search_term_string}"},"query-input":{"@type":"PropertyValueSpecification","valueRequired":true,"valueName":"search_term_string"}}],"inLanguage":"fr-FR"}]}},"_links":{"self":[{"href":"https:\/\/www.blettecommechou.fr\/index.php\/wp-json\/wp\/v2\/product\/5305","targetHints":{"allow":["GET"]}}],"collection":[{"href":"https:\/\/www.blettecommechou.fr\/index.php\/wp-json\/wp\/v2\/product"}],"about":[{"href":"https:\/\/www.blettecommechou.fr\/index.php\/wp-json\/wp\/v2\/types\/product"}],"wp:featuredmedia":[{"embeddable":true,"href":"https:\/\/www.blettecommechou.fr\/index.php\/wp-json\/wp\/v2\/media\/5306"}],"wp:attachment":[{"href":"https:\/\/www.blettecommechou.fr\/index.php\/wp-json\/wp\/v2\/media?parent=5305"}],"wp:term":[{"taxonomy":"product_brand","embeddable":true,"href":"https:\/\/www.blettecommechou.fr\/index.php\/wp-json\/wp\/v2\/product_brand?post=5305"},{"taxonomy":"product_cat","embeddable":true,"href":"https:\/\/www.blettecommechou.fr\/index.php\/wp-json\/wp\/v2\/product_cat?post=5305"},{"taxonomy":"product_tag","embeddable":true,"href":"https:\/\/www.blettecommechou.fr\/index.php\/wp-json\/wp\/v2\/product_tag?post=5305"}],"curies":[{"name":"wp","href":"https:\/\/api.w.org\/{rel}","templated":true}]}}